{"id":1726,"date":"2018-05-29T11:12:41","date_gmt":"2018-05-29T11:12:41","guid":{"rendered":"http:\/\/xtratheme.com\/default\/?page_id=11"},"modified":"2022-11-17T13:34:21","modified_gmt":"2022-11-17T13:34:21","slug":"hizmetler","status":"publish","type":"page","link":"https:\/\/yuksekdizayn.com\/index.php\/hizmetler\/","title":{"rendered":"Hizmetlerimiz"},"content":{"rendered":"\t\t<div data-elementor-type=\"wp-page\" data-elementor-id=\"1726\" class=\"elementor elementor-1726\">\n\t\t\t\t\t\t\t\t\t<section class=\"elementor-section elementor-top-section elementor-element elementor-element-efedef8 elementor-section-boxed elementor-section-height-default elementor-section-height-default\" data-id=\"efedef8\" data-element_type=\"section\">\n\t\t\t\t\t\t<div class=\"elementor-container elementor-column-gap-default\">\n\t\t\t\t\t<div class=\"elementor-column elementor-col-100 elementor-top-column elementor-element elementor-element-8faec93\" data-id=\"8faec93\" data-element_type=\"column\">\n\t\t\t<div class=\"elementor-widget-wrap elementor-element-populated\">\n\t\t\t\t\t\t\t\t<div class=\"elementor-element elementor-element-dbcd21f elementor-widget elementor-widget-cz_title\" data-id=\"dbcd21f\" data-element_type=\"widget\" data-widget_type=\"cz_title.default\">\n\t\t\t\t<div class=\"elementor-widget-container\">\n\t\t\t\t\r\n\t\t<div>\r\n\t\t\t<div class=\"cz_title clr cz_title_pos_inline tac\"><div class=\"cz_title_shape shape_square cz_shape_1\"><\/div><div class=\"cz_title_content\"><div class=\"cz_wpe_content\"><p style=\"text-align: center;\"><span style=\"color: #666666; font-size: 22px;\">NELER YAPIYORUZ? <\/span><\/p>\n\n<h2 style=\"text-align: center;\">Y\u00dcKSEK D\u0130ZAYN <span style=\"color: #ee0000;\">FUARCILIK<\/span><\/h2><\/div><\/div><\/div>\r\n\t\t<\/div>\r\n\t\t\r\n\t\t\t\t<\/div>\n\t\t\t\t<\/div>\n\t\t\t\t<div class=\"elementor-element elementor-element-2ddf17e elementor-widget elementor-widget-cz_title\" data-id=\"2ddf17e\" data-element_type=\"widget\" data-widget_type=\"cz_title.default\">\n\t\t\t\t<div class=\"elementor-widget-container\">\n\t\t\t\t\r\n\t\t<div>\r\n\t\t\t<div class=\"cz_title clr cz_title_pos_inline tac\"><div class=\"cz_title_content\"><div class=\"cz_wpe_content\"><p style=\"text-align: center;\"><span style=\"font-size: 20px; color: #666666;\">Sizi m\u00fc\u015fterilerinize kar\u015f\u0131 en iyi temsil edecek standlar\u0131,<\/span><\/p>\n<p style=\"text-align: center;\"><span style=\"font-size: 20px; color: #666666;\">Kurumsal yap\u0131n\u0131za uygun olarak \u00f6zg\u00fcn ve yenilik\u00e7i bak\u0131\u015f a\u00e7\u0131s\u0131 ile, <\/span><\/p>\n<p style=\"text-align: center;\"><span style=\"font-size: 20px; color: #666666;\">Alan\u0131nda uzmanla\u015fm\u0131\u015f tasar\u0131mc\u0131lar\u0131m\u0131z taraf\u0131ndan haz\u0131rlanmaktad\u0131r.<\/span><\/p><\/div><\/div><\/div>\r\n\t\t<\/div>\r\n\t\t\r\n\t\t\t\t<\/div>\n\t\t\t\t<\/div>\n\t\t\t\t\t<\/div>\n\t\t<\/div>\n\t\t\t\t\t\t\t<\/div>\n\t\t<\/section>\n\t\t\t\t<section class=\"elementor-section elementor-top-section elementor-element elementor-element-58029f4 elementor-section-boxed elementor-section-height-default elementor-section-height-default\" data-id=\"58029f4\" data-element_type=\"section\">\n\t\t\t\t\t\t<div class=\"elementor-container elementor-column-gap-default\">\n\t\t\t\t\t<div class=\"elementor-column elementor-col-33 elementor-top-column elementor-element elementor-element-427af13\" data-id=\"427af13\" data-element_type=\"column\">\n\t\t\t<div class=\"elementor-widget-wrap elementor-element-populated\">\n\t\t\t\t\t\t\t\t<div class=\"elementor-element elementor-element-0a84c5d elementor-widget elementor-widget-cz_service_box\" data-id=\"0a84c5d\" data-element_type=\"widget\" data-widget_type=\"cz_service_box.default\">\n\t\t\t\t<div class=\"elementor-widget-container\">\n\t\t\t<div class=\"services clr style11 cz_sbi_fx_10 services_b\"><div class=\"service_img\"><img width=\"75\" height=\"75\" src=\"data:image\/svg+xml,%3Csvg%20xmlns%3D&#39;http%3A%2F%2Fwww.w3.org%2F2000%2Fsvg&#39;%20width=&#39;75&#39;%20height=&#39;75&#39;%20viewBox%3D&#39;0%200%2075%2075&#39;%2F%3E\" data-czlz data-src=\"https:\/\/yuksekdizayn.com\/wp-content\/uploads\/2019\/09\/i1.png\" class=\"attachment-large size-large\" alt=\"\" decoding=\"async\" \/><\/div><div class=\"service_text\"><h3>MODULER FUAR STANDI<\/h3><div class=\"cz_wpe_content\">S\u00f6k\u00fcl\u00fcp- tak\u0131labilir \u015fekilde tasar\u0131m edilen mod\u00fcler fuar stand\u0131, fuarlarda en s\u0131kl\u0131kla kullan\u0131lan pratik tasar\u0131mlar aras\u0131nda yer al\u0131r.<\/div><\/div><\/div>\t\t<\/div>\n\t\t\t\t<\/div>\n\t\t\t\t\t<\/div>\n\t\t<\/div>\n\t\t\t\t<div class=\"elementor-column elementor-col-33 elementor-top-column elementor-element elementor-element-be8be10\" data-id=\"be8be10\" data-element_type=\"column\">\n\t\t\t<div class=\"elementor-widget-wrap elementor-element-populated\">\n\t\t\t\t\t\t\t\t<div class=\"elementor-element elementor-element-201a112 elementor-widget elementor-widget-cz_service_box\" data-id=\"201a112\" data-element_type=\"widget\" data-widget_type=\"cz_service_box.default\">\n\t\t\t\t<div class=\"elementor-widget-container\">\n\t\t\t<div class=\"services clr style11 cz_sbi_fx_10 services_b\"><div class=\"service_img\"><img width=\"80\" height=\"80\" src=\"data:image\/svg+xml,%3Csvg%20xmlns%3D&#39;http%3A%2F%2Fwww.w3.org%2F2000%2Fsvg&#39;%20width=&#39;80&#39;%20height=&#39;80&#39;%20viewBox%3D&#39;0%200%2080%2080&#39;%2F%3E\" data-czlz data-src=\"https:\/\/yuksekdizayn.com\/wp-content\/uploads\/2022\/11\/education.png\" class=\"attachment-large size-large\" alt=\"\" decoding=\"async\" \/><\/div><div class=\"service_text\"><h3>KONGRE STANDI<\/h3><div class=\"cz_wpe_content\">Kongrelerinizde firman\u0131za \u00f6zel haz\u0131rlanm\u0131\u015f, kurumsal kimli\u011finizi en iyi \u015fekilde yans\u0131tmak i\u00e7in kullan\u0131lan standlard\u0131r.<\/div><\/div><\/div>\t\t<\/div>\n\t\t\t\t<\/div>\n\t\t\t\t\t<\/div>\n\t\t<\/div>\n\t\t\t\t<div class=\"elementor-column elementor-col-33 elementor-top-column elementor-element elementor-element-60ceb70\" data-id=\"60ceb70\" data-element_type=\"column\">\n\t\t\t<div class=\"elementor-widget-wrap elementor-element-populated\">\n\t\t\t\t\t\t\t\t<div class=\"elementor-element elementor-element-d3ec252 elementor-widget elementor-widget-cz_service_box\" data-id=\"d3ec252\" data-element_type=\"widget\" data-widget_type=\"cz_service_box.default\">\n\t\t\t\t<div class=\"elementor-widget-container\">\n\t\t\t<div class=\"services clr style11 cz_sbi_fx_10 services_b\"><div class=\"service_img\"><img width=\"75\" height=\"75\" src=\"data:image\/svg+xml,%3Csvg%20xmlns%3D&#39;http%3A%2F%2Fwww.w3.org%2F2000%2Fsvg&#39;%20width=&#39;75&#39;%20height=&#39;75&#39;%20viewBox%3D&#39;0%200%2075%2075&#39;%2F%3E\" data-czlz data-src=\"https:\/\/yuksekdizayn.com\/wp-content\/uploads\/2022\/11\/desinger1.png\" class=\"attachment-large size-large\" alt=\"\" decoding=\"async\" \/><\/div><div class=\"service_text\"><h3>Ah\u015fap Fuar Stand\u0131<\/h3><div class=\"cz_wpe_content\">Oturma ve dinlenme alanlar\u0131, yiyecek i\u00e7ecek alanlar\u0131 gibi vakit ge\u00e7irme b\u00f6l\u00fcmlerinin bulundu\u011fu standlard\u0131r.<\/div><\/div><\/div>\t\t<\/div>\n\t\t\t\t<\/div>\n\t\t\t\t\t<\/div>\n\t\t<\/div>\n\t\t\t\t\t\t\t<\/div>\n\t\t<\/section>\n\t\t\t\t<section class=\"elementor-section elementor-top-section elementor-element elementor-element-bbc3ced elementor-section-boxed elementor-section-height-default elementor-section-height-default\" data-id=\"bbc3ced\" data-element_type=\"section\">\n\t\t\t\t\t\t<div class=\"elementor-container elementor-column-gap-default\">\n\t\t\t\t\t<div class=\"elementor-column elementor-col-33 elementor-top-column elementor-element elementor-element-9663dd3\" data-id=\"9663dd3\" data-element_type=\"column\">\n\t\t\t<div class=\"elementor-widget-wrap elementor-element-populated\">\n\t\t\t\t\t\t\t\t<div class=\"elementor-element elementor-element-8f5eed6 elementor-widget elementor-widget-cz_service_box\" data-id=\"8f5eed6\" data-element_type=\"widget\" data-widget_type=\"cz_service_box.default\">\n\t\t\t\t<div class=\"elementor-widget-container\">\n\t\t\t<div class=\"services clr style11 cz_sbi_fx_10 services_b\"><div class=\"service_img\"><img width=\"80\" height=\"80\" src=\"data:image\/svg+xml,%3Csvg%20xmlns%3D&#39;http%3A%2F%2Fwww.w3.org%2F2000%2Fsvg&#39;%20width=&#39;80&#39;%20height=&#39;80&#39;%20viewBox%3D&#39;0%200%2080%2080&#39;%2F%3E\" data-czlz data-src=\"https:\/\/yuksekdizayn.com\/wp-content\/uploads\/2022\/11\/desing-icon-1.png\" class=\"attachment-large size-large\" alt=\"\" decoding=\"async\" \/><\/div><div class=\"service_text\"><h3>\u00d6ZEL TASARIM STANDLAR<\/h3><div class=\"cz_wpe_content\">Talepleriniz do\u011frultusunda tamamen size \u00f6zel ve \u00f6zg\u00fcn olarak haz\u0131rlanan standlard\u0131r.<\/div><\/div><\/div>\t\t<\/div>\n\t\t\t\t<\/div>\n\t\t\t\t\t<\/div>\n\t\t<\/div>\n\t\t\t\t<div class=\"elementor-column elementor-col-33 elementor-top-column elementor-element elementor-element-5e06996\" data-id=\"5e06996\" data-element_type=\"column\">\n\t\t\t<div class=\"elementor-widget-wrap elementor-element-populated\">\n\t\t\t\t\t\t\t\t<div class=\"elementor-element elementor-element-1ef8c74 elementor-widget elementor-widget-cz_service_box\" data-id=\"1ef8c74\" data-element_type=\"widget\" data-widget_type=\"cz_service_box.default\">\n\t\t\t\t<div class=\"elementor-widget-container\">\n\t\t\t<div class=\"services clr style11 cz_sbi_fx_10 services_b\"><div class=\"service_img\"><img width=\"75\" height=\"75\" src=\"data:image\/svg+xml,%3Csvg%20xmlns%3D&#39;http%3A%2F%2Fwww.w3.org%2F2000%2Fsvg&#39;%20width=&#39;75&#39;%20height=&#39;75&#39;%20viewBox%3D&#39;0%200%2075%2075&#39;%2F%3E\" data-czlz data-src=\"https:\/\/yuksekdizayn.com\/wp-content\/uploads\/2022\/11\/depolama1.png\" class=\"attachment-large size-large\" alt=\"\" decoding=\"async\" \/><\/div><div class=\"service_text\"><h3>MAXIMA FUAR STANDI<\/h3><div class=\"cz_wpe_content\">Suntalam ve al\u00fcminyumun yan\u0131 s\u0131ra cam, t\u00fcl, pleksi kullan\u0131larak di\u011fer sitemlere g\u00f6re daha g\u00f6steri\u015fli standlard\u0131r.<\/div><\/div><\/div>\t\t<\/div>\n\t\t\t\t<\/div>\n\t\t\t\t\t<\/div>\n\t\t<\/div>\n\t\t\t\t<div class=\"elementor-column elementor-col-33 elementor-top-column elementor-element elementor-element-96b4e62\" data-id=\"96b4e62\" data-element_type=\"column\">\n\t\t\t<div class=\"elementor-widget-wrap elementor-element-populated\">\n\t\t\t\t\t\t\t\t<div class=\"elementor-element elementor-element-dc0d118 elementor-widget elementor-widget-cz_service_box\" data-id=\"dc0d118\" data-element_type=\"widget\" data-widget_type=\"cz_service_box.default\">\n\t\t\t\t<div class=\"elementor-widget-container\">\n\t\t\t<div class=\"services clr style11 cz_sbi_fx_10 services_b\"><div class=\"service_img\"><img width=\"75\" height=\"75\" src=\"data:image\/svg+xml,%3Csvg%20xmlns%3D&#39;http%3A%2F%2Fwww.w3.org%2F2000%2Fsvg&#39;%20width=&#39;75&#39;%20height=&#39;75&#39;%20viewBox%3D&#39;0%200%2075%2075&#39;%2F%3E\" data-czlz data-src=\"https:\/\/yuksekdizayn.com\/wp-content\/uploads\/2019\/09\/i3.png\" class=\"attachment-large size-large\" alt=\"\" decoding=\"async\" \/><\/div><div class=\"service_text\"><h3>\u00dcR\u00dcN TE\u015eH\u0130R STANDI<\/h3><div class=\"cz_wpe_content\">Firmalar\u0131n belirli sat\u0131\u015f noktalar\u0131nda ilgili \u00fcr\u00fcnlerinin sergilenmesi amac\u0131yla haz\u0131rlanan standlard\u0131r.<\/div><\/div><\/div>\t\t<\/div>\n\t\t\t\t<\/div>\n\t\t\t\t\t<\/div>\n\t\t<\/div>\n\t\t\t\t\t\t\t<\/div>\n\t\t<\/section>\n\t\t\t\t<section class=\"elementor-section elementor-top-section elementor-element elementor-element-324f78e elementor-section-stretched elementor-section-boxed elementor-section-height-default elementor-section-height-default\" data-id=\"324f78e\" data-element_type=\"section\" data-settings=\"{&quot;stretch_section&quot;:&quot;section-stretched&quot;,&quot;background_background&quot;:&quot;classic&quot;}\">\n\t\t\t\t\t\t<div class=\"elementor-container elementor-column-gap-default\">\n\t\t\t\t\t<div class=\"elementor-column elementor-col-100 elementor-top-column elementor-element elementor-element-502412f0\" data-id=\"502412f0\" data-element_type=\"column\">\n\t\t\t<div class=\"elementor-widget-wrap elementor-element-populated\">\n\t\t\t\t\t\t\t\t<div class=\"elementor-element elementor-element-59254ab5 elementor-widget elementor-widget-cz_title\" data-id=\"59254ab5\" data-element_type=\"widget\" data-widget_type=\"cz_title.default\">\n\t\t\t\t<div class=\"elementor-widget-container\">\n\t\t\t\t\r\n\t\t<div>\r\n\t\t\t<div class=\"cz_title clr cz_smart_fs cz_mobile_text_center cz_title_pos_inline tac\"><div class=\"cz_title_shape shape_square cz_shape_1\"><\/div><div class=\"cz_title_content\"><div class=\"cz_wpe_content\"><p style=\"text-align: center;\"><span style=\"color: #666666; font-size: 22px;\"><span style=\"font-size: 28px; color: #ffffff;\">EN \u0130Y\u0130S\u0130N\u0130 SUNUYORUZ<\/span> <\/span><\/p>\n\n<h2 style=\"text-align: center;\"><span style=\"color: #ffffff; font-size: 56px;\">PROJE DANI\u015eMANLI\u011eI<\/span><\/h2><\/div><\/div><\/div>\r\n\t\t<\/div>\r\n\t\t\r\n\t\t\t\t<\/div>\n\t\t\t\t<\/div>\n\t\t\t\t<div class=\"elementor-element elementor-element-ce6544f elementor-widget elementor-widget-cz_title\" data-id=\"ce6544f\" data-element_type=\"widget\" data-widget_type=\"cz_title.default\">\n\t\t\t\t<div class=\"elementor-widget-container\">\n\t\t\t\t\r\n\t\t<div>\r\n\t\t\t<div class=\"cz_title clr cz_title_pos_inline tac\"><div class=\"cz_title_content\"><div class=\"cz_wpe_content\"><p style=\"text-align: center;\"><span style=\"font-size: 20px; color: #ffffff;\">Kurumsal kimlik ve markalar\u0131n sergilendi\u011fi ileti\u015fim alanlar\u0131 olarak tasarlanan fuar standlar\u0131 firman\u0131z\u0131n uluslararas\u0131 vitrinidir, <br class=\"clr\" \/>Stand tasar\u0131m a\u015famas\u0131ndan itibaren tasar\u0131mc\u0131lar\u0131m\u0131zla s\u00fcrekli ileti\u015fim halinde olaca\u011f\u0131z.<\/span><\/p><\/div><\/div><\/div>\r\n\t\t<\/div>\r\n\t\t\r\n\t\t\t\t<\/div>\n\t\t\t\t<\/div>\n\t\t\t\t<div class=\"elementor-element elementor-element-43a12c59 elementor-widget elementor-widget-cz_2_buttons\" data-id=\"43a12c59\" data-element_type=\"widget\" data-widget_type=\"cz_2_buttons.default\">\n\t\t\t\t<div class=\"elementor-widget-container\">\n\t\t\t\t\t<div class=\"cz_2_btn cz_2_btn_center\">\r\n\t\t\t<a class=\"cz_btn btn1\" href=\"https:\/\/yuksekdizayn.com\/index.php\/hizli-iletisim-formu\/\" target=\"_blank\" rel=\"nofollow\"><strong>TEKL\u0130F AL<\/strong> <\/a>\t\t\t<div class=\"cz_2_btn_sep style1\">\r\n\t\t\t\t<i><span><\/span><\/i>\t\t\t<\/div>\r\n\t\t\t<a class=\"cz_btn btn2\" href=\"https:\/\/yuksekdizayn.com\/index.php\/projects\/\"><strong>T\u00dcM PROJELER\u0130M\u0130Z<\/strong> <\/a>\t\t<\/div>\r\n\t\t\t\t<\/div>\n\t\t\t\t<\/div>\n\t\t\t\t\t<\/div>\n\t\t<\/div>\n\t\t\t\t\t\t\t<\/div>\n\t\t<\/section>\n\t\t\t\t<section class=\"elementor-section elementor-top-section elementor-element elementor-element-5d162ba9 elementor-section-full_width elementor-section-height-default elementor-section-height-default\" data-id=\"5d162ba9\" data-element_type=\"section\" data-settings=\"{&quot;background_background&quot;:&quot;classic&quot;}\">\n\t\t\t\t\t\t<div class=\"elementor-container elementor-column-gap-default\">\n\t\t\t\t\t<div class=\"elementor-column elementor-col-50 elementor-top-column elementor-element elementor-element-37bbe759\" data-id=\"37bbe759\" data-element_type=\"column\" data-settings=\"{&quot;background_background&quot;:&quot;classic&quot;}\">\n\t\t\t<div class=\"elementor-widget-wrap elementor-element-populated\">\n\t\t\t\t\t\t\t\t<div class=\"elementor-element elementor-element-bbb7a5b elementor-widget elementor-widget-cz_title\" data-id=\"bbb7a5b\" data-element_type=\"widget\" data-widget_type=\"cz_title.default\">\n\t\t\t\t<div class=\"elementor-widget-container\">\n\t\t\t\t\r\n\t\t<div>\r\n\t\t\t<div class=\"cz_title clr cz_smart_fs cz_title_pos_inline tac\"><div class=\"cz_title_content\"><div class=\"cz_wpe_content\"><div style=\"text-align: center; line-height: 1.3;\"><span style=\"color: #ffffff;\">\u00dcCRETS\u0130Z TEKL\u0130F ALIN<\/span><\/div><\/div><\/div><\/div>\r\n\t\t<\/div>\r\n\t\t\r\n\t\t\t\t<\/div>\n\t\t\t\t<\/div>\n\t\t\t\t<div class=\"elementor-element elementor-element-3f838c56 elementor-widget elementor-widget-cz_title\" data-id=\"3f838c56\" data-element_type=\"widget\" data-widget_type=\"cz_title.default\">\n\t\t\t\t<div class=\"elementor-widget-container\">\n\t\t\t\t\r\n\t\t<div>\r\n\t\t\t<div class=\"cz_title clr cz_smart_fs cz_mobile_text_center cz_title_pos_inline tac\"><div class=\"cz_title_content\"><div class=\"cz_wpe_content\"><h2 style=\"text-align: center; line-height: 1.2;\"><span style=\"color: #ffffff;\"><span style=\"font-size: 42px;\">\u0130HT\u0130YACINIZ<\/span><\/span><\/h2>\n<h2 style=\"text-align: center; line-height: 1.2;\"><span style=\"color: #ffffff;\"> <span style=\"font-size: 42px;\">NED\u0130R?<\/span> <\/span><\/h2><\/div><\/div><\/div>\r\n\t\t<\/div>\r\n\t\t\r\n\t\t\t\t<\/div>\n\t\t\t\t<\/div>\n\t\t\t\t<div class=\"elementor-element elementor-element-d874789 elementor-widget elementor-widget-cz_title\" data-id=\"d874789\" data-element_type=\"widget\" data-widget_type=\"cz_title.default\">\n\t\t\t\t<div class=\"elementor-widget-container\">\n\t\t\t\t\r\n\t\t<div>\r\n\t\t\t<div class=\"cz_title clr cz_smart_fs cz_title_pos_inline tac\"><div class=\"cz_title_content\"><div class=\"cz_wpe_content\"><p style=\"text-align: center;\"><span style=\"font-size: 20px; color: #ffffff;\">Bizimle ileti\u015fime ge\u00e7mekten ve sorunuzu<\/span><\/p>\n<p style=\"text-align: center;\"><span style=\"font-size: 20px; color: #ffffff;\">sormaktan \u00e7ekinmeyin, tamamen \u00fccretsiz. <\/span><\/p><\/div><\/div><\/div>\r\n\t\t<\/div>\r\n\t\t\r\n\t\t\t\t<\/div>\n\t\t\t\t<\/div>\n\t\t\t\t\t<\/div>\n\t\t<\/div>\n\t\t\t\t<div class=\"elementor-column elementor-col-50 elementor-top-column elementor-element elementor-element-231a4f2\" data-id=\"231a4f2\" data-element_type=\"column\">\n\t\t\t<div class=\"elementor-widget-wrap elementor-element-populated\">\n\t\t\t\t\t\t\t\t<div class=\"elementor-element elementor-element-91e2ee3 elementor-widget elementor-widget-cz_contact_form_7\" data-id=\"91e2ee3\" data-element_type=\"widget\" data-widget_type=\"cz_contact_form_7.default\">\n\t\t\t\t<div class=\"elementor-widget-container\">\n\t\t\t\t\t<div class=\"cz_cf7 clr\">\r\n\t\t\t<div>\n<div class=\"wpcf7 no-js\" id=\"wpcf7-f22-o1\" lang=\"tr-TR\" dir=\"ltr\">\n<div class=\"screen-reader-response\"><p role=\"status\" aria-live=\"polite\" aria-atomic=\"true\"><\/p> <ul><\/ul><\/div>\n<form action=\"\/index.php\/wp-json\/wp\/v2\/pages\/1726#wpcf7-f22-o1\" method=\"post\" class=\"wpcf7-form init\" aria-label=\"Contact form\" novalidate=\"novalidate\" data-status=\"init\">\n<div style=\"display: none;\">\n<input type=\"hidden\" name=\"_wpcf7\" value=\"22\" \/>\n<input type=\"hidden\" name=\"_wpcf7_version\" value=\"5.7.5.1\" \/>\n<input type=\"hidden\" name=\"_wpcf7_locale\" value=\"tr_TR\" \/>\n<input type=\"hidden\" name=\"_wpcf7_unit_tag\" value=\"wpcf7-f22-o1\" \/>\n<input type=\"hidden\" name=\"_wpcf7_container_post\" value=\"0\" \/>\n<input type=\"hidden\" name=\"_wpcf7_posted_data_hash\" value=\"\" \/>\n<input type=\"hidden\" name=\"_wpcf7_recaptcha_response\" value=\"\" \/>\n<\/div>\n<p><label> Ad\u0131n\u0131z<br \/>\n<span class=\"wpcf7-form-control-wrap\" data-name=\"your-name\"><input size=\"40\" class=\"wpcf7-form-control wpcf7-text wpcf7-validates-as-required\" aria-required=\"true\" aria-invalid=\"false\" value=\"\" type=\"text\" name=\"your-name\" \/><\/span> <\/label>\n<\/p>\n<p><label> E-posta adresiniz<br \/>\n<span class=\"wpcf7-form-control-wrap\" data-name=\"your-email\"><input size=\"40\" class=\"wpcf7-form-control wpcf7-text wpcf7-email wpcf7-validates-as-required wpcf7-validates-as-email\" aria-required=\"true\" aria-invalid=\"false\" value=\"\" type=\"email\" name=\"your-email\" \/><\/span> <\/label>\n<\/p>\n<p><label> Konu<br \/>\n<span class=\"wpcf7-form-control-wrap\" data-name=\"your-subject\"><input size=\"40\" class=\"wpcf7-form-control wpcf7-text wpcf7-validates-as-required\" aria-required=\"true\" aria-invalid=\"false\" value=\"\" type=\"text\" name=\"your-subject\" \/><\/span> <\/label>\n<\/p>\n<p><label> \u0130letiniz (tercihe ba\u011fl\u0131)<br \/>\n<span class=\"wpcf7-form-control-wrap\" data-name=\"your-message\"><textarea cols=\"40\" rows=\"10\" class=\"wpcf7-form-control wpcf7-textarea\" aria-invalid=\"false\" name=\"your-message\"><\/textarea><\/span> <\/label>\n<\/p>\n<p><input class=\"wpcf7-form-control has-spinner wpcf7-submit\" type=\"submit\" value=\"G\u00f6nder\" \/>\n<\/p><div class=\"wpcf7-response-output\" aria-hidden=\"true\"><\/div>\n<\/form>\n<\/div>\n<\/div>\r\n\t\t<\/div>\r\n\t\t\t\t<\/div>\n\t\t\t\t<\/div>\n\t\t\t\t\t<\/div>\n\t\t<\/div>\n\t\t\t\t\t\t\t<\/div>\n\t\t<\/section>\n\t\t\t\t<section class=\"elementor-section elementor-top-section elementor-element elementor-element-5e8d86ad elementor-section-stretched elementor-section-boxed elementor-section-height-default elementor-section-height-default\" data-id=\"5e8d86ad\" data-element_type=\"section\" data-settings=\"{&quot;stretch_section&quot;:&quot;section-stretched&quot;,&quot;background_background&quot;:&quot;classic&quot;}\">\n\t\t\t\t\t\t<div class=\"elementor-container elementor-column-gap-default\">\n\t\t\t\t\t<div class=\"elementor-column elementor-col-100 elementor-top-column elementor-element elementor-element-346acd3\" data-id=\"346acd3\" data-element_type=\"column\">\n\t\t\t<div class=\"elementor-widget-wrap\">\n\t\t\t\t\t\t\t\t\t<\/div>\n\t\t<\/div>\n\t\t\t\t\t\t\t<\/div>\n\t\t<\/section>\n\t\t\t\t\t\t\t<\/div>\n\t\t","protected":false},"excerpt":{"rendered":"<p>NELER YAPIYORUZ? Y\u00dcKSEK D\u0130ZAYN FUARCILIK Sizi m\u00fc\u015fterilerinize kar\u015f\u0131 en iyi temsil &#8230; <\/p>\n","protected":false},"author":1,"featured_media":0,"parent":0,"menu_order":0,"comment_status":"closed","ping_status":"closed","template":"","meta":{"_themeisle_gutenberg_block_has_review":false,"_joinchat":[]},"_links":{"self":[{"href":"https:\/\/yuksekdizayn.com\/index.php\/wp-json\/wp\/v2\/pages\/1726"}],"collection":[{"href":"https:\/\/yuksekdizayn.com\/index.php\/wp-json\/wp\/v2\/pages"}],"about":[{"href":"https:\/\/yuksekdizayn.com\/index.php\/wp-json\/wp\/v2\/types\/page"}],"author":[{"embeddable":true,"href":"https:\/\/yuksekdizayn.com\/index.php\/wp-json\/wp\/v2\/users\/1"}],"replies":[{"embeddable":true,"href":"https:\/\/yuksekdizayn.com\/index.php\/wp-json\/wp\/v2\/comments?post=1726"}],"version-history":[{"count":14,"href":"https:\/\/yuksekdizayn.com\/index.php\/wp-json\/wp\/v2\/pages\/1726\/revisions"}],"predecessor-version":[{"id":2070,"href":"https:\/\/yuksekdizayn.com\/index.php\/wp-json\/wp\/v2\/pages\/1726\/revisions\/2070"}],"wp:attachment":[{"href":"https:\/\/yuksekdizayn.com\/index.php\/wp-json\/wp\/v2\/media?parent=1726"}],"curies":[{"name":"wp","href":"https:\/\/api.w.org\/{rel}","templated":true}]}}