{"id":913,"date":"2018-07-10T20:20:36","date_gmt":"2018-07-10T20:20:36","guid":{"rendered":"https:\/\/codevz.com\/demo\/heks\/?page_id=913"},"modified":"2022-11-17T12:43:50","modified_gmt":"2022-11-17T12:43:50","slug":"hizli-iletisim-formu","status":"publish","type":"page","link":"https:\/\/yuksekdizayn.com\/index.php\/hizli-iletisim-formu\/","title":{"rendered":"H\u0131zl\u0131 \u0130leti\u015fim Formu"},"content":{"rendered":"\t\t<div data-elementor-type=\"wp-page\" data-elementor-id=\"913\" class=\"elementor elementor-913\">\n\t\t\t\t\t\t\t\t\t<section class=\"elementor-section elementor-top-section elementor-element elementor-element-3ddff0a elementor-section-boxed elementor-section-height-default elementor-section-height-default\" data-id=\"3ddff0a\" data-element_type=\"section\">\n\t\t\t\t\t\t<div class=\"elementor-container elementor-column-gap-default\">\n\t\t\t\t\t<div class=\"elementor-column elementor-col-50 elementor-top-column elementor-element elementor-element-18bfadf\" data-id=\"18bfadf\" data-element_type=\"column\">\n\t\t\t<div class=\"elementor-widget-wrap elementor-element-populated\">\n\t\t\t\t\t\t\t\t<div class=\"elementor-element elementor-element-9a8f397 elementor-widget elementor-widget-cz_title\" data-id=\"9a8f397\" data-element_type=\"widget\" data-widget_type=\"cz_title.default\">\n\t\t\t\t<div class=\"elementor-widget-container\">\n\t\t\t\t\r\n\t\t<div>\r\n\t\t\t<div class=\"cz_title clr cz_mobile_text_center cz_title_pos_inline\"><div class=\"cz_title_shape shape_square cz_shape_1\"><\/div><div class=\"cz_title_content\"><div class=\"cz_wpe_content\"><span style=\"color: #666666; font-size: 22px;\">HIZLI \u0130LET\u0130\u015e\u0130M FORMU <\/span>\n<h2>B\u0130ZE ULA\u015eIN<\/h2><\/div><\/div><\/div>\r\n\t\t<\/div>\r\n\t\t\r\n\t\t\t\t<\/div>\n\t\t\t\t<\/div>\n\t\t\t\t<div class=\"elementor-element elementor-element-6b8f33d elementor-widget elementor-widget-cz_title\" data-id=\"6b8f33d\" data-element_type=\"widget\" data-widget_type=\"cz_title.default\">\n\t\t\t\t<div class=\"elementor-widget-container\">\n\t\t\t\t\r\n\t\t<div>\r\n\t\t\t<div class=\"cz_title clr cz_mobile_text_center cz_title_pos_inline\"><div class=\"cz_title_content\"><div class=\"cz_wpe_content\"><span style=\"font-size: 20px; color: #666666;\">\u0130leti\u015fim formumuzu doldurarak l\u00fctfen bize iletiniz. En k\u0131sa s\u00fcrede sizlere geri d\u00f6n\u00fc\u015f yap\u0131lacakt\u0131r.\u00e7<\/span><\/div><\/div><\/div>\r\n\t\t<\/div>\r\n\t\t\r\n\t\t\t\t<\/div>\n\t\t\t\t<\/div>\n\t\t\t\t\t<\/div>\n\t\t<\/div>\n\t\t\t\t<div class=\"elementor-column elementor-col-50 elementor-top-column elementor-element elementor-element-6088492\" data-id=\"6088492\" data-element_type=\"column\">\n\t\t\t<div class=\"elementor-widget-wrap elementor-element-populated\">\n\t\t\t\t\t\t\t\t<div class=\"elementor-element elementor-element-e896f1c elementor-widget elementor-widget-cz_contact_form_7\" data-id=\"e896f1c\" data-element_type=\"widget\" data-widget_type=\"cz_contact_form_7.default\">\n\t\t\t\t<div class=\"elementor-widget-container\">\n\t\t\t\t\t<div class=\"cz_cf7 clr\">\r\n\t\t\t<div>\n<div class=\"wpcf7 no-js\" id=\"wpcf7-f126-o1\" lang=\"en-US\" dir=\"ltr\">\n<div class=\"screen-reader-response\"><p role=\"status\" aria-live=\"polite\" aria-atomic=\"true\"><\/p> <ul><\/ul><\/div>\n<form action=\"\/index.php\/wp-json\/wp\/v2\/pages\/913#wpcf7-f126-o1\" method=\"post\" class=\"wpcf7-form init\" aria-label=\"Contact form\" novalidate=\"novalidate\" data-status=\"init\">\n<div style=\"display: none;\">\n<input type=\"hidden\" name=\"_wpcf7\" value=\"126\" \/>\n<input type=\"hidden\" name=\"_wpcf7_version\" value=\"5.7.5.1\" \/>\n<input type=\"hidden\" name=\"_wpcf7_locale\" value=\"en_US\" \/>\n<input type=\"hidden\" name=\"_wpcf7_unit_tag\" value=\"wpcf7-f126-o1\" \/>\n<input type=\"hidden\" name=\"_wpcf7_container_post\" value=\"0\" \/>\n<input type=\"hidden\" name=\"_wpcf7_posted_data_hash\" value=\"\" \/>\n<input type=\"hidden\" name=\"_wpcf7_recaptcha_response\" value=\"\" \/>\n<\/div>\n<p><span class=\"wpcf7-form-control-wrap\" data-name=\"your-name\"><input size=\"40\" class=\"wpcf7-form-control wpcf7-text wpcf7-validates-as-required\" aria-required=\"true\" aria-invalid=\"false\" placeholder=\"Ad\u0131n\u0131z ve Soyad\u0131n\u0131z (*)\" value=\"\" type=\"text\" name=\"your-name\" \/><\/span>\n<\/p>\n<p><span class=\"wpcf7-form-control-wrap\" data-name=\"your-email\"><input size=\"40\" class=\"wpcf7-form-control wpcf7-text wpcf7-email wpcf7-validates-as-required wpcf7-validates-as-email\" aria-required=\"true\" aria-invalid=\"false\" placeholder=\"E-Posta Adresiniz (*)\" value=\"\" type=\"email\" name=\"your-email\" \/><\/span>\n<\/p>\n<p><span class=\"wpcf7-form-control-wrap\" data-name=\"your-subject\"><input size=\"40\" class=\"wpcf7-form-control wpcf7-text\" aria-invalid=\"false\" placeholder=\"Konu\" value=\"\" type=\"text\" name=\"your-subject\" \/><\/span>\n<\/p>\n<p><span class=\"wpcf7-form-control-wrap\" data-name=\"menu-178\"><select class=\"wpcf7-form-control wpcf7-select\" aria-invalid=\"false\" name=\"menu-178\"><option value=\"\u0130lgili Departman\">\u0130lgili Departman<\/option><option value=\"Muhasebe\">Muhasebe<\/option><option value=\"Sat\u0131\u015f\">Sat\u0131\u015f<\/option><option value=\"Di\u011fer\">Di\u011fer<\/option><\/select><\/span>\n<\/p>\n<p><span class=\"wpcf7-form-control-wrap\" data-name=\"your-message\"><textarea cols=\"40\" rows=\"10\" class=\"wpcf7-form-control wpcf7-textarea\" aria-invalid=\"false\" placeholder=\"Mesaj\u0131n\u0131z\" name=\"your-message\"><\/textarea><\/span>\n<\/p>\n<p><input class=\"wpcf7-form-control has-spinner wpcf7-submit\" type=\"submit\" value=\"Mesaj\u0131 G\u00f6nder\" \/>\n<\/p><div class=\"wpcf7-response-output\" aria-hidden=\"true\"><\/div>\n<\/form>\n<\/div>\n<\/div>\r\n\t\t<\/div>\r\n\t\t\t\t<\/div>\n\t\t\t\t<\/div>\n\t\t\t\t\t<\/div>\n\t\t<\/div>\n\t\t\t\t\t\t\t<\/div>\n\t\t<\/section>\n\t\t\t\t\t\t\t<\/div>\n\t\t","protected":false},"excerpt":{"rendered":"<p>HIZLI \u0130LET\u0130\u015e\u0130M FORMU B\u0130ZE ULA\u015eIN \u0130leti\u015fim formumuzu doldurarak l\u00fctfen bize iletiniz. &#8230; <\/p>\n","protected":false},"author":1,"featured_media":0,"parent":0,"menu_order":0,"comment_status":"closed","ping_status":"closed","template":"","meta":{"_themeisle_gutenberg_block_has_review":false,"_joinchat":[]},"_links":{"self":[{"href":"https:\/\/yuksekdizayn.com\/index.php\/wp-json\/wp\/v2\/pages\/913"}],"collection":[{"href":"https:\/\/yuksekdizayn.com\/index.php\/wp-json\/wp\/v2\/pages"}],"about":[{"href":"https:\/\/yuksekdizayn.com\/index.php\/wp-json\/wp\/v2\/types\/page"}],"author":[{"embeddable":true,"href":"https:\/\/yuksekdizayn.com\/index.php\/wp-json\/wp\/v2\/users\/1"}],"replies":[{"embeddable":true,"href":"https:\/\/yuksekdizayn.com\/index.php\/wp-json\/wp\/v2\/comments?post=913"}],"version-history":[{"count":7,"href":"https:\/\/yuksekdizayn.com\/index.php\/wp-json\/wp\/v2\/pages\/913\/revisions"}],"predecessor-version":[{"id":2024,"href":"https:\/\/yuksekdizayn.com\/index.php\/wp-json\/wp\/v2\/pages\/913\/revisions\/2024"}],"wp:attachment":[{"href":"https:\/\/yuksekdizayn.com\/index.php\/wp-json\/wp\/v2\/media?parent=913"}],"curies":[{"name":"wp","href":"https:\/\/api.w.org\/{rel}","templated":true}]}}